{"id":13517,"date":"2023-05-18T08:23:01","date_gmt":"2023-05-18T08:23:01","guid":{"rendered":"https:\/\/bienvenue-onboard.com\/about-the-researchers\/"},"modified":"2024-06-18T18:17:27","modified_gmt":"2024-06-18T18:17:27","slug":"a-propos-des-chercheurs","status":"publish","type":"page","link":"https:\/\/bienvenue-onboard.com\/fr\/a-propos-des-chercheurs\/","title":{"rendered":"\u00c0 propos des chercheurs"},"content":{"rendered":"<section class=\"wpb-content-wrapper\">[vc_row full_width=\u00a0\u00bbstretch_row\u00a0\u00bb equal_height=\u00a0\u00bbyes\u00a0\u00bb pix_particles_check=\u00a0\u00bb\u00a0\u00bb pix_visibility=\u00a0\u00bb1&Prime; css=\u00a0\u00bb.vc_custom_1593104654942{padding-top: 80px !important;padding-bottom: 80px !important;}\u00a0\u00bb][vc_column width=\u00a0\u00bb1\/2&Prime;]<div class=\"pix-content-box card   sticky-top pix-sticky-top-adjust   vc_custom_1588791497974    rounded-lg bg- w-100  \"   ><div class=\"\" style=\"z-index:30;position:relative;\"><div  class=\"pix-heading-el text-left  vc_custom_1718734588001\"><div><div class=\"slide-in-container\"><h3 class=\"text-heading-default font-weight-bold heading-text el-title_custom_color mb-12\" style=\"\" data-anim-type=\"\" data-anim-delay=\"0\">Alicia Piechowiak, PhD.<\/h3><\/div><\/div><\/div><div id=\"el1684399237327-f3dff989-ba1e\" class=\"pix-el-text   w-100  \" ><p class=\"\"><p><span style=\"font-weight: 400;\"><strong>Alicia Piechowiak<\/strong> est \u00e0 la fois praticienne et chercheuse dans le domaine de <strong>l\u2019\u00e9ducation et le d\u00e9veloppement des ressources humaines<\/strong>.\u00a0 Sa recherche est ax\u00e9e sur l\u2019attraction, l\u2019int\u00e9gration et la r\u00e9tention de la main-d\u2019\u0153uvre en g\u00e9n\u00e9ral, des immigrants et le d\u00e9veloppement des programmes d\u2019accueil en entreprise, particuli\u00e8rement en r\u00e9gion et dans le secteur de manufacturier.\u00a0 Elle est copr\u00e9sidente du groupe d&rsquo;int\u00e9r\u00eat sp\u00e9cial Leadership de l&rsquo;Academy of Human Resource Development et Directrice de projets pour un cabinet service conseil o\u00f9 elle a mis en \u0153uvre un programme d\u2019accueil qui a contribu\u00e9 \u00e0 augmenter la taille de l&rsquo;\u00e9quipe et accompagner l\u2019entreprise dans l\u2019ouverture des bureaux au Vi\u00eat Nam et au Maroc.<\/span><\/p>\n<\/p><\/div><a  href=\"https:\/\/www.linkedin.com\/in\/aliciapiechowiak\/\" class=\"btn mb-2     shadow-sm shadow-hover scale-sm text-white btn-primary d-inline-block      btn-md\" target=\"_blank\" rel=\"noopener\"    ><span class=\"font-weight-bold \" >Connectons-nous sur LinkedIn<\/span><\/a><\/div><\/div>[\/vc_column][vc_column width=\u00a0\u00bb1\/2&Prime;][vc_single_image image=\u00a0\u00bb13544&Prime; img_size=\u00a0\u00bbfull\u00a0\u00bb style=\u00a0\u00bbvc_box_rounded\u00a0\u00bb][vc_row_inner][vc_column_inner width=\u00a0\u00bb1\/2&Prime;]<div id=\"el1684402993896-4f62d5e0-9220\" class=\"pix-el-text   w-100  \" ><p class=\"\"><h5><strong>Alicia Piechowiak, PhD.<\/strong><\/h5>\n<\/p><\/div>[\/vc_column_inner][vc_column_inner width=\u00a0\u00bb1\/2&Prime;]<div class=\"d-inline-block \" ><div class=\"pix-img-el    text-left d-inline-block  w-100 rounded-0\"  ><img loading=\"lazy\" decoding=\"async\" class=\"card-img2 pix-img-elem rounded-0  h-1002\" style=\"height:auto;\" width=\"700\" height=\"116\" srcset=\"https:\/\/bienvenue-onboard.com\/wp-content\/uploads\/2023\/05\/logo-concordia-university-montreal.png 700w, https:\/\/bienvenue-onboard.com\/wp-content\/uploads\/2023\/05\/logo-concordia-university-montreal-300x50.png 300w\" sizes=\"auto, (max-width: 700px) 100vw, 700px\" src=\"https:\/\/bienvenue-onboard.com\/wp-content\/uploads\/2023\/05\/logo-concordia-university-montreal.png\" alt=\"\" \/><\/div><\/div>[\/vc_column_inner][\/vc_row_inner][\/vc_column][\/vc_row][vc_row full_width=\u00a0\u00bbstretch_row\u00a0\u00bb equal_height=\u00a0\u00bbyes\u00a0\u00bb pix_particles_check=\u00a0\u00bb\u00a0\u00bb pix_visibility=\u00a0\u00bb1&Prime; css=\u00a0\u00bb.vc_custom_1593104654942{padding-top: 80px !important;padding-bottom: 80px !important;}\u00a0\u00bb][vc_column width=\u00a0\u00bb1\/2&Prime;][vc_single_image image=\u00a0\u00bb13546&Prime; img_size=\u00a0\u00bbfull\u00a0\u00bb style=\u00a0\u00bbvc_box_rounded\u00a0\u00bb][vc_row_inner][vc_column_inner width=\u00a0\u00bb1\/2&Prime;]<div id=\"el1684403299217-fb16fbc3-4833\" class=\"pix-el-text   w-100  \" ><p class=\"\"><h5><strong>Saul Carliner, PhD, CTDP<\/strong><\/h5>\n<h6><strong>Professeur<\/strong><\/h6>\n<\/p><\/div>[\/vc_column_inner][vc_column_inner width=\u00a0\u00bb1\/2&Prime;]<div class=\"d-inline-block \" ><div class=\"pix-img-el    text-left d-inline-block  w-100 rounded-0\"  ><img loading=\"lazy\" decoding=\"async\" class=\"card-img2 pix-img-elem rounded-0  h-1002\" style=\"height:auto;\" width=\"700\" height=\"116\" srcset=\"https:\/\/bienvenue-onboard.com\/wp-content\/uploads\/2023\/05\/logo-concordia-university-montreal.png 700w, https:\/\/bienvenue-onboard.com\/wp-content\/uploads\/2023\/05\/logo-concordia-university-montreal-300x50.png 300w\" sizes=\"auto, (max-width: 700px) 100vw, 700px\" src=\"https:\/\/bienvenue-onboard.com\/wp-content\/uploads\/2023\/05\/logo-concordia-university-montreal.png\" alt=\"\" \/><\/div><\/div>[\/vc_column_inner][\/vc_row_inner][\/vc_column][vc_column width=\u00a0\u00bb1\/2&Prime;]<div class=\"pix-content-box card   sticky-top pix-sticky-top-adjust   vc_custom_1588791497974    rounded-lg bg- w-100  \"   ><div class=\"\" style=\"z-index:30;position:relative;\"><div  class=\"pix-heading-el text-left  vc_custom_1685290769825\"><div><div class=\"slide-in-container\"><h3 class=\"text-heading-default font-weight-bold heading-text el-title_custom_color mb-12\" style=\"\" data-anim-type=\"\" data-anim-delay=\"0\">Saul Carliner, PhD, CTDP<\/h3><\/div><\/div><\/div><div id=\"el1684403299127-83386555-45ee\" class=\"pix-el-text   w-100  \" ><p class=\"\"><p><span style=\"font-weight: 400;\"><strong>Saul Carliner<\/strong> est professeur et directeur du d\u00e9partement d&rsquo;\u00e9ducation de l&rsquo;Universit\u00e9 Concordia \u00e0 Montr\u00e9al. Parmi ses 250 publications, on peut citer le r\u00e9cent ouvrage Career Anxiety : Guidance Through Tough Times (avec Margaret Driscoll et Yvonne Thayer) et An Overview of Training and Development (avec Margaret Driscoll). Il est pr\u00e9sident sortant du R\u00e9seau canadien pour l&rsquo;innovation en \u00e9ducation, membre et ancien membre du conseil d&rsquo;administration de l&rsquo;Institute for Performance and Learning, et membre et ancien pr\u00e9sident international de la Society for Technical Communication.<\/span><\/p>\n<\/p><\/div><a  href=\"https:\/\/www.linkedin.com\/in\/saul-carliner\/\" class=\"btn mb-2     shadow-sm shadow-hover scale-sm text-white btn-primary d-inline-block      btn-md\" target=\"_blank\" rel=\"noopener\"    ><span class=\"font-weight-bold \" >Connectons-nous sur LinkedIn<\/span><\/a><\/div><\/div>[\/vc_column][\/vc_row][vc_section full_width=\u00a0\u00bbstretch_row\u00a0\u00bb pix_over_visibility=\u00a0\u00bb\u00a0\u00bb css=\u00a0\u00bb.vc_custom_1684408806268{padding-top: 40px !important;padding-bottom: 10px !important;background-color: #ffffff !important;}\u00a0\u00bb][vc_row pix_particles_check=\u00a0\u00bb\u00a0\u00bb css=\u00a0\u00bb.vc_custom_1684408595786{padding-top: 50px !important;padding-bottom: 50px !important;}\u00a0\u00bb][vc_column content_align=\u00a0\u00bbtext-center\u00a0\u00bb]<div class=\"pix-element-div w-100 text-center\"><h5 class=\"pix-badge-element d-inline-block mr-1 animate-in\" data-anim-type=\"fade-in-left\" data-anim-delay=\"600\"><span class=\"badge font-weight-bold shadow bg-white  vc_custom_1685261054209  \" style=\" \"><span class=\"text-heading-default\" style=\"\">Financ\u00e9 par<\/span><\/span><\/h5><\/div><div class=\"d-inline-block \" ><a href=\"https:\/\/fsc-ccf.ca\/\" target=\"_blank\" class=\"pix-img-el  vc_custom_1685260893748   text-center d-inline-block  rounded-0\" ><img loading=\"lazy\" decoding=\"async\" class=\"pix-lazy2 card-img2 rounded-0 h-1002\" src=\"https:\/\/bienvenue-onboard.com\/wp-content\/uploads\/2023\/05\/FSC-Logo-2022-Primarydd.png\" srcset=\"https:\/\/bienvenue-onboard.com\/wp-content\/uploads\/2023\/05\/FSC-Logo-2022-Primarydd.png 1775w, https:\/\/bienvenue-onboard.com\/wp-content\/uploads\/2023\/05\/FSC-Logo-2022-Primarydd-300x52.png 300w, https:\/\/bienvenue-onboard.com\/wp-content\/uploads\/2023\/05\/FSC-Logo-2022-Primarydd-1024x178.png 1024w, https:\/\/bienvenue-onboard.com\/wp-content\/uploads\/2023\/05\/FSC-Logo-2022-Primarydd-768x133.png 768w, https:\/\/bienvenue-onboard.com\/wp-content\/uploads\/2023\/05\/FSC-Logo-2022-Primarydd-1536x267.png 1536w\" width=\"1775\" height=\"308\" alt=\"\" style=\"width:500px;height:auto;\"\/><\/a><\/div>[\/vc_column][\/vc_row][vc_row full_width=\u00a0\u00bbstretch_row_content\u00a0\u00bb pix_particles_check=\u00a0\u00bb\u00a0\u00bb css=\u00a0\u00bb.vc_custom_1685261586126{padding-right: 10% !important;padding-left: 10% !important;}\u00a0\u00bb][vc_column content_align=\u00a0\u00bbtext-center\u00a0\u00bb]<h6 class=\"pix-badge-element d-inline-block mr-1 animate-in\" data-anim-type=\"fade-in-left\" data-anim-delay=\"600\"><span class=\"badge font-weight-bold shadow bg-white  vc_custom_1684926216010  \" style=\" \"><span class=\"text-heading-default\" style=\"\">Partenaires de diffusions<\/span><\/span><\/h6><div class=\"clients row   vc_custom_1685344610735\"><div class=\"d-none d-md-block clearfix w-100 col-12\"><\/div><div class=\"col-md col-12 -2 fly-sm text-center client2 d-inline-block2 d-inline-flex client\"><a target=\"_self\" href=\"#\" class=\"client2 align-self-center py-3 d-inline-block w-100\" title=\"houzz\"><img loading=\"lazy\" decoding=\"async\" src=\"https:\/\/bienvenue-onboard.com\/wp-content\/uploads\/2023\/05\/logo_Davie_2022.png\" srcset=\"https:\/\/bienvenue-onboard.com\/wp-content\/uploads\/2023\/05\/logo_Davie_2022-300x81.png 300w, https:\/\/bienvenue-onboard.com\/wp-content\/uploads\/2023\/05\/logo_Davie_2022-1024x275.png 1024w, https:\/\/bienvenue-onboard.com\/wp-content\/uploads\/2023\/05\/logo_Davie_2022-768x206.png 768w, https:\/\/bienvenue-onboard.com\/wp-content\/uploads\/2023\/05\/logo_Davie_2022-1536x412.png 1536w, https:\/\/bienvenue-onboard.com\/wp-content\/uploads\/2023\/05\/logo_Davie_2022.png 1781w\" sizes=\"auto, (max-width: 1781px) 100vw, 1781px\" width=\"1781\" height=\"478\" class=\"animate-in\" alt=\"houzz\" data-anim-type=\"fade-in-up\" data-anim-delay=\"0\"><\/a><\/div><div class=\"col-md col-12 -2 fly-sm text-center client2 d-inline-block2 d-inline-flex client\"><a target=\"_blank\" href=\"#\" class=\"client2 align-self-center py-3 d-inline-block w-100\" title=\"\"><img loading=\"lazy\" decoding=\"async\" src=\"https:\/\/bienvenue-onboard.com\/wp-content\/uploads\/2023\/05\/Black-logo-no-backgroundx.png\" srcset=\"https:\/\/bienvenue-onboard.com\/wp-content\/uploads\/2023\/05\/Black-logo-no-backgroundx-300x90.png 300w, https:\/\/bienvenue-onboard.com\/wp-content\/uploads\/2023\/05\/Black-logo-no-backgroundx.png 333w\" sizes=\"auto, (max-width: 333px) 100vw, 333px\" width=\"333\" height=\"100\" class=\"animate-in\" alt=\"\" data-anim-type=\"fade-in-up\" data-anim-delay=\"200\"><\/a><\/div><\/div>\n<div class=\"clients row   vc_custom_1685345600169\"><div class=\"d-none d-md-block clearfix w-100 col-12\"><\/div><div class=\"col-md col-12 -4 fly-sm text-center client2 d-inline-block2 d-inline-flex client\"><a target=\"_self\" href=\"#\" class=\"client2 align-self-center py-3 d-inline-block w-100\" title=\"\"><img loading=\"lazy\" decoding=\"async\" src=\"https:\/\/bienvenue-onboard.com\/wp-content\/uploads\/2023\/05\/CCIQ-BleuRoyal.png\" srcset=\"https:\/\/bienvenue-onboard.com\/wp-content\/uploads\/2023\/05\/CCIQ-BleuRoyal-300x129.png 300w, https:\/\/bienvenue-onboard.com\/wp-content\/uploads\/2023\/05\/CCIQ-BleuRoyal-1024x439.png 1024w, https:\/\/bienvenue-onboard.com\/wp-content\/uploads\/2023\/05\/CCIQ-BleuRoyal-768x329.png 768w, https:\/\/bienvenue-onboard.com\/wp-content\/uploads\/2023\/05\/CCIQ-BleuRoyal.png 1050w\" sizes=\"auto, (max-width: 1050px) 100vw, 1050px\" width=\"1050\" height=\"450\" class=\"animate-in\" alt=\"\" data-anim-type=\"fade-in-up\" data-anim-delay=\"0\"><\/a><\/div><div class=\"col-md col-12 -4 fly-sm text-center client2 d-inline-block2 d-inline-flex client\"><a target=\"_self\" href=\"#\" class=\"client2 align-self-center py-3 d-inline-block w-100\" title=\"\"><img loading=\"lazy\" decoding=\"async\" src=\"https:\/\/bienvenue-onboard.com\/wp-content\/uploads\/2023\/05\/CCIGL_Logo_Horizontal_Couleurdd.png\" srcset=\"https:\/\/bienvenue-onboard.com\/wp-content\/uploads\/2023\/05\/CCIGL_Logo_Horizontal_Couleurdd-300x29.png 300w, https:\/\/bienvenue-onboard.com\/wp-content\/uploads\/2023\/05\/CCIGL_Logo_Horizontal_Couleurdd-1024x98.png 1024w, https:\/\/bienvenue-onboard.com\/wp-content\/uploads\/2023\/05\/CCIGL_Logo_Horizontal_Couleurdd-768x74.png 768w, https:\/\/bienvenue-onboard.com\/wp-content\/uploads\/2023\/05\/CCIGL_Logo_Horizontal_Couleurdd-1536x148.png 1536w, https:\/\/bienvenue-onboard.com\/wp-content\/uploads\/2023\/05\/CCIGL_Logo_Horizontal_Couleurdd.png 1768w\" sizes=\"auto, (max-width: 1768px) 100vw, 1768px\" width=\"1768\" height=\"170\" class=\"animate-in\" alt=\"\" data-anim-type=\"fade-in-up\" data-anim-delay=\"200\"><\/a><\/div><div class=\"col-md col-12 -4 fly-sm text-center client2 d-inline-block2 d-inline-flex client\"><a target=\"_self\" href=\"#\" class=\"client2 align-self-center py-3 d-inline-block w-100\" title=\"\"><img loading=\"lazy\" decoding=\"async\" src=\"https:\/\/bienvenue-onboard.com\/wp-content\/uploads\/2023\/05\/CCSIUM_logo_final_couleur_01_HORIZONTAL.png\" srcset=\"https:\/\/bienvenue-onboard.com\/wp-content\/uploads\/2023\/05\/CCSIUM_logo_final_couleur_01_HORIZONTAL-300x73.png 300w, https:\/\/bienvenue-onboard.com\/wp-content\/uploads\/2023\/05\/CCSIUM_logo_final_couleur_01_HORIZONTAL-1024x249.png 1024w, https:\/\/bienvenue-onboard.com\/wp-content\/uploads\/2023\/05\/CCSIUM_logo_final_couleur_01_HORIZONTAL-768x187.png 768w, https:\/\/bienvenue-onboard.com\/wp-content\/uploads\/2023\/05\/CCSIUM_logo_final_couleur_01_HORIZONTAL-1536x373.png 1536w, https:\/\/bienvenue-onboard.com\/wp-content\/uploads\/2023\/05\/CCSIUM_logo_final_couleur_01_HORIZONTAL-2048x497.png 2048w\" sizes=\"auto, (max-width: 7904px) 100vw, 7904px\" width=\"7904\" height=\"1920\" class=\"animate-in\" alt=\"\" data-anim-type=\"fade-in-up\" data-anim-delay=\"400\"><\/a><\/div><div class=\"col-md col-12 -4 fly-sm text-center client2 d-inline-block2 d-inline-flex client\"><a target=\"_self\" href=\"#\" class=\"client2 align-self-center py-3 d-inline-block w-100\" title=\"discord\"><img loading=\"lazy\" decoding=\"async\" src=\"https:\/\/bienvenue-onboard.com\/wp-content\/uploads\/2023\/05\/a.CCI-FRANCAISE-AU-CANADA-QUEBECdd.png\" srcset=\"https:\/\/bienvenue-onboard.com\/wp-content\/uploads\/2023\/05\/a.CCI-FRANCAISE-AU-CANADA-QUEBECdd-300x61.png 300w, https:\/\/bienvenue-onboard.com\/wp-content\/uploads\/2023\/05\/a.CCI-FRANCAISE-AU-CANADA-QUEBECdd-1024x208.png 1024w, https:\/\/bienvenue-onboard.com\/wp-content\/uploads\/2023\/05\/a.CCI-FRANCAISE-AU-CANADA-QUEBECdd-768x156.png 768w, https:\/\/bienvenue-onboard.com\/wp-content\/uploads\/2023\/05\/a.CCI-FRANCAISE-AU-CANADA-QUEBECdd-1536x312.png 1536w, https:\/\/bienvenue-onboard.com\/wp-content\/uploads\/2023\/05\/a.CCI-FRANCAISE-AU-CANADA-QUEBECdd.png 1777w\" sizes=\"auto, (max-width: 1777px) 100vw, 1777px\" width=\"1777\" height=\"361\" class=\"animate-in\" alt=\"discord\" data-anim-type=\"fade-in-up\" data-anim-delay=\"600\"><\/a><\/div><\/div>\n[\/vc_column][\/vc_row][\/vc_section]<\/section>","protected":false},"excerpt":{"rendered":"[vc_row full_width=\u00a0\u00bbstretch_row\u00a0\u00bb equal_height=\u00a0\u00bbyes\u00a0\u00bb pix_particles_check=\u00a0\u00bb\u00a0\u00bb pix_visibility=\u00a0\u00bb1&Prime; css=\u00a0\u00bb.vc_custom_1593104654942{padding-top: 80px !important;padding-bottom: 80px !important;}\u00a0\u00bb][vc_column width=\u00a0\u00bb1\/2&Prime;][\/vc_column][vc_column width=\u00a0\u00bb1\/2&Prime;][vc_single_image image=\u00a0\u00bb13544&Prime; img_size=\u00a0\u00bbfull\u00a0\u00bb style=\u00a0\u00bbvc_box_rounded\u00a0\u00bb][vc_row_inner][vc_column_inner width=\u00a0\u00bb1\/2&Prime;][\/vc_column_inner][vc_column_inner width=\u00a0\u00bb1\/2&Prime;][\/vc_column_inner][\/vc_row_inner][\/vc_column][\/vc_row][vc_row full_width=\u00a0\u00bbstretch_row\u00a0\u00bb equal_height=\u00a0\u00bbyes\u00a0\u00bb pix_particles_check=\u00a0\u00bb\u00a0\u00bb pix_visibility=\u00a0\u00bb1&Prime; css=\u00a0\u00bb.vc_custom_1593104654942{padding-top: 80px !important;padding-bottom: 80px !important;}\u00a0\u00bb][vc_column width=\u00a0\u00bb1\/2&Prime;][vc_single_image image=\u00a0\u00bb13546&Prime; img_size=\u00a0\u00bbfull\u00a0\u00bb style=\u00a0\u00bbvc_box_rounded\u00a0\u00bb][vc_row_inner][vc_column_inner width=\u00a0\u00bb1\/2&Prime;][\/vc_column_inner][vc_column_inner width=\u00a0\u00bb1\/2&Prime;][\/vc_column_inner][\/vc_row_inner][\/vc_column][vc_column width=\u00a0\u00bb1\/2&Prime;][\/vc_column][\/vc_row][vc_section full_width=\u00a0\u00bbstretch_row\u00a0\u00bb pix_over_visibility=\u00a0\u00bb\u00a0\u00bb css=\u00a0\u00bb.vc_custom_1684408806268{padding-top: 40px !important;padding-bottom: 10px !important;background-color:&#8230;","protected":false},"author":1,"featured_media":0,"parent":0,"menu_order":0,"comment_status":"closed","ping_status":"closed","template":"","meta":{"footnotes":""},"class_list":["post-13517","page","type-page","status-publish","hentry"],"_links":{"self":[{"href":"https:\/\/bienvenue-onboard.com\/fr\/wp-json\/wp\/v2\/pages\/13517","targetHints":{"allow":["GET"]}}],"collection":[{"href":"https:\/\/bienvenue-onboard.com\/fr\/wp-json\/wp\/v2\/pages"}],"about":[{"href":"https:\/\/bienvenue-onboard.com\/fr\/wp-json\/wp\/v2\/types\/page"}],"author":[{"embeddable":true,"href":"https:\/\/bienvenue-onboard.com\/fr\/wp-json\/wp\/v2\/users\/1"}],"replies":[{"embeddable":true,"href":"https:\/\/bienvenue-onboard.com\/fr\/wp-json\/wp\/v2\/comments?post=13517"}],"version-history":[{"count":17,"href":"https:\/\/bienvenue-onboard.com\/fr\/wp-json\/wp\/v2\/pages\/13517\/revisions"}],"predecessor-version":[{"id":13867,"href":"https:\/\/bienvenue-onboard.com\/fr\/wp-json\/wp\/v2\/pages\/13517\/revisions\/13867"}],"wp:attachment":[{"href":"https:\/\/bienvenue-onboard.com\/fr\/wp-json\/wp\/v2\/media?parent=13517"}],"curies":[{"name":"wp","href":"https:\/\/api.w.org\/{rel}","templated":true}]}}