{"id":13585,"date":"2023-05-18T12:20:25","date_gmt":"2023-05-18T12:20:25","guid":{"rendered":"https:\/\/bienvenue-onboard.com\/onboarding-immigrant-guide\/"},"modified":"2023-06-08T21:06:14","modified_gmt":"2023-06-08T21:06:14","slug":"guide-daccueil-dun-nouvel-employe-issu-de-limmigration","status":"publish","type":"page","link":"https:\/\/bienvenue-onboard.com\/fr\/guide-daccueil-dun-nouvel-employe-issu-de-limmigration\/","title":{"rendered":"Guide d\u2019accueil d\u2019un nouvel employ\u00e9 issu de l\u2019immigration"},"content":{"rendered":"<section class=\"wpb-content-wrapper\"><p>[vc_section full_width=\u00a0\u00bbstretch_row\u00a0\u00bb pix_over_visibility=\u00a0\u00bb\u00a0\u00bb css=\u00a0\u00bb.vc_custom_1588981177183{padding-top: 80px !important;padding-bottom: 80px !important;}\u00a0\u00bb][vc_row content_placement=\u00a0\u00bbmiddle\u00a0\u00bb pix_particles_check=\u00a0\u00bb\u00a0\u00bb][vc_column width=\u00a0\u00bb1\/2&Prime;]<div class=\"d-inline-block \" ><div class=\"animate-in  d-inline-block\" data-anim-type=\"pix-3d-up-in-big\" data-anim-delay=\"100\"><div class=\"tilt\"><div class=\"pix-img-el    text-center d-inline-block  w-100 rounded-10\"  ><img loading=\"lazy\" decoding=\"async\" class=\"card-img2 pix-img-elem rounded-10  h-1002\" style=\"height:auto;\" width=\"1200\" height=\"800\" srcset=\"https:\/\/bienvenue-onboard.com\/wp-content\/uploads\/2023\/05\/Istock-iage-3.jpg 1200w, https:\/\/bienvenue-onboard.com\/wp-content\/uploads\/2023\/05\/Istock-iage-3-300x200.jpg 300w, https:\/\/bienvenue-onboard.com\/wp-content\/uploads\/2023\/05\/Istock-iage-3-1024x683.jpg 1024w, https:\/\/bienvenue-onboard.com\/wp-content\/uploads\/2023\/05\/Istock-iage-3-768x512.jpg 768w\" sizes=\"auto, (max-width: 1200px) 100vw, 1200px\" src=\"https:\/\/bienvenue-onboard.com\/wp-content\/uploads\/2023\/05\/Istock-iage-3.jpg\" alt=\"\" \/><\/div><\/div><\/div><\/div>[\/vc_column][vc_column width=\u00a0\u00bb1\/2&Prime; css=\u00a0\u00bb.vc_custom_1684412111163{padding-left: 40px !important;}\u00a0\u00bb]<div  class=\"pix-heading-el text-left  vc_custom_1685031527205\"><div><div class=\"slide-in-container\"><h3 class=\"text-heading-default font-weight-bold animate-in heading-text el-title_custom_color mb-12\" style=\"\" data-anim-type=\"fade-in-up\" data-anim-delay=\"0\">\u00c0 propos ce guide<\/h3><\/div><\/div><\/div><div class=\"pix-el-text w-100   vc_custom_1685031537659\" ><p class=\"text-20  text-body-default  \" ><span class=\"text-body-default animate-in d-inline-block\" data-anim-delay=\"200\" data-anim-type=\"fade-in-up\">Ce guide est destin\u00e9 aux employeurs qui cherchent \u00e0 optimiser le recrutement, l&rsquo;int\u00e9gration et la r\u00e9tention des travailleurs immigrants d\u00e9j\u00e0 pr\u00e9sents dans le pays. Il offre des conseils sur la mani\u00e8re d&rsquo;adapter votre programme d&rsquo;int\u00e9gration aux besoins sp\u00e9cifiques des immigrants.<\/span><\/p><\/div>[\/vc_column][\/vc_row][vc_row full_width=\u00a0\u00bbstretch_row\u00a0\u00bb pix_particles_check=\u00a0\u00bb\u00a0\u00bb css=\u00a0\u00bb.vc_custom_1684411846300{padding-top: 80px !important;padding-bottom: 80px !important;}\u00a0\u00bb][vc_column]<div class=\"card  overflow-hidden row no-gutters flex-column flex-md-row flex-md-row-reverse   vc_custom_1684410645605 shadow-lg \" ><div class=\"flex-column d-inline-flex position-relative col-md-6\"><div class=\"pix-bg-slide-left pix-duration-slow w-100 h-100\" style=\"background-image:url(https:\/\/bienvenue-onboard.com\/wp-content\/uploads\/2023\/05\/63e5448e27e5db0018eef3c9.webp);\"><img decoding=\"async\" style=\"opacity:0;\" class=\"pix-lazy card-img pix-fit-cover rounded-0 flex-grow-1 h-100\" src=\"https:\/\/bienvenue-onboard.com\/wp-content\/plugins\/pixfort-core\/functions\/images\/loading.webp\" data-srcset=\"https:\/\/bienvenue-onboard.com\/wp-content\/uploads\/2023\/05\/63e5448e27e5db0018eef3c9-300x225.webp 300w, https:\/\/bienvenue-onboard.com\/wp-content\/uploads\/2023\/05\/63e5448e27e5db0018eef3c9-768x576.webp 768w, https:\/\/bienvenue-onboard.com\/wp-content\/uploads\/2023\/05\/63e5448e27e5db0018eef3c9-600x450.webp 600w, https:\/\/bienvenue-onboard.com\/wp-content\/uploads\/2023\/05\/63e5448e27e5db0018eef3c9.webp 1000w\" data-src=\"https:\/\/bienvenue-onboard.com\/wp-content\/uploads\/2023\/05\/63e5448e27e5db0018eef3c9.webp\" loading=\"lazy\" alt=\"\" \/><\/div><\/div><div class=\"card-body d-flex2 align-content-between flex-wrap col-md-6 p-lg-5 p-md-5 p-4 \"><div  class=\"pix-heading-el text-left  vc_custom_1685031549588\"><div><div class=\"slide-in-container\"><h4 class=\"text-heading-default font-weight-bold animate-in heading-text el-title_custom_color mb-12\" style=\"\" data-anim-type=\"fade-in-up\" data-anim-delay=\"0\">Ce guide contient<\/h4><\/div><\/div><\/div><div id=\"duo-icon-10290960\" class=\"slide-in-container w-100  \" ><div class=\"py-2 \"  ><div class=\"pix-feature-list   font-weight-bold     py-2 d-flex align-items-center\" ><div class=\"pix-mr-10 text-primary\" style=\"width:1.5em;min-width:1.5em;height:1.5em;min-width:1.5em;position:relative;line-height:1em;text-align:center;\"><svg width=\"100%\" height=\"100%\" viewBox=\"0 0 24 24\" version=\"1.1\" xmlns=\"http:\/\/www.w3.org\/2000\/svg\" xmlns:xlink=\"http:\/\/www.w3.org\/1999\/xlink\"> <defs><\/defs> <g stroke=\"none\" stroke-width=\"1\" fill=\"none\" fill-rule=\"evenodd\"> <circle fill=\"#000000\" opacity=\"0.3\" cx=\"12\" cy=\"12\" r=\"10\"><\/circle> <path d=\"M16.7689447,7.81768175 C17.1457787,7.41393107 17.7785676,7.39211077 18.1823183,7.76894473 C18.5860689,8.1457787 18.6078892,8.77856757 18.2310553,9.18231825 L11.2310553,16.6823183 C10.8654446,17.0740439 10.2560456,17.107974 9.84920863,16.7592566 L6.34920863,13.7592566 C5.92988278,13.3998345 5.88132125,12.7685345 6.2407434,12.3492086 C6.60016555,11.9298828 7.23146553,11.8813212 7.65079137,12.2407434 L10.4229928,14.616916 L16.7689447,7.81768175 Z\" fill=\"#000000\" fill-rule=\"nonzero\"><\/path> <\/g> <\/svg><\/div><span class=\"text-heading-default\">Les partenariats au sein de la communaut\u00e9 que vous devriez \u00e9tablir pour vous aider \u00e0 int\u00e9grer les travailleurs immigrants.<\/span><\/div><div class=\"pix-feature-list   font-weight-bold     py-2 d-flex align-items-center\" ><div class=\"pix-mr-10 text-primary\" style=\"width:1.5em;min-width:1.5em;height:1.5em;min-width:1.5em;position:relative;line-height:1em;text-align:center;\"><svg width=\"100%\" height=\"100%\" viewBox=\"0 0 24 24\" version=\"1.1\" xmlns=\"http:\/\/www.w3.org\/2000\/svg\" xmlns:xlink=\"http:\/\/www.w3.org\/1999\/xlink\"> <defs><\/defs> <g stroke=\"none\" stroke-width=\"1\" fill=\"none\" fill-rule=\"evenodd\"> <circle fill=\"#000000\" opacity=\"0.3\" cx=\"12\" cy=\"12\" r=\"10\"><\/circle> <path d=\"M16.7689447,7.81768175 C17.1457787,7.41393107 17.7785676,7.39211077 18.1823183,7.76894473 C18.5860689,8.1457787 18.6078892,8.77856757 18.2310553,9.18231825 L11.2310553,16.6823183 C10.8654446,17.0740439 10.2560456,17.107974 9.84920863,16.7592566 L6.34920863,13.7592566 C5.92988278,13.3998345 5.88132125,12.7685345 6.2407434,12.3492086 C6.60016555,11.9298828 7.23146553,11.8813212 7.65079137,12.2407434 L10.4229928,14.616916 L16.7689447,7.81768175 Z\" fill=\"#000000\" fill-rule=\"nonzero\"><\/path> <\/g> <\/svg><\/div><span class=\"text-heading-default\">Les strat\u00e9gies visant \u00e0 joindre les immigrants qui souhaitent int\u00e9grer le march\u00e9 du travail.<\/span><\/div><div class=\"pix-feature-list   font-weight-bold     py-2 d-flex align-items-center\" ><div class=\"pix-mr-10 text-primary\" style=\"width:1.5em;min-width:1.5em;height:1.5em;min-width:1.5em;position:relative;line-height:1em;text-align:center;\"><svg width=\"100%\" height=\"100%\" viewBox=\"0 0 24 24\" version=\"1.1\" xmlns=\"http:\/\/www.w3.org\/2000\/svg\" xmlns:xlink=\"http:\/\/www.w3.org\/1999\/xlink\"> <defs><\/defs> <g stroke=\"none\" stroke-width=\"1\" fill=\"none\" fill-rule=\"evenodd\"> <circle fill=\"#000000\" opacity=\"0.3\" cx=\"12\" cy=\"12\" r=\"10\"><\/circle> <path d=\"M16.7689447,7.81768175 C17.1457787,7.41393107 17.7785676,7.39211077 18.1823183,7.76894473 C18.5860689,8.1457787 18.6078892,8.77856757 18.2310553,9.18231825 L11.2310553,16.6823183 C10.8654446,17.0740439 10.2560456,17.107974 9.84920863,16.7592566 L6.34920863,13.7592566 C5.92988278,13.3998345 5.88132125,12.7685345 6.2407434,12.3492086 C6.60016555,11.9298828 7.23146553,11.8813212 7.65079137,12.2407434 L10.4229928,14.616916 L16.7689447,7.81768175 Z\" fill=\"#000000\" fill-rule=\"nonzero\"><\/path> <\/g> <\/svg><\/div><span class=\"text-heading-default\">Les crit\u00e8res \u00e0 prendre en compte dans le choix d\u2019un accompagnateur pour les nouveaux travailleurs immigrants.<\/span><\/div><div class=\"pix-feature-list   font-weight-bold     py-2 d-flex align-items-center\" ><div class=\"pix-mr-10 text-primary\" style=\"width:1.5em;min-width:1.5em;height:1.5em;min-width:1.5em;position:relative;line-height:1em;text-align:center;\"><svg width=\"100%\" height=\"100%\" viewBox=\"0 0 24 24\" version=\"1.1\" xmlns=\"http:\/\/www.w3.org\/2000\/svg\" xmlns:xlink=\"http:\/\/www.w3.org\/1999\/xlink\"> <defs><\/defs> <g stroke=\"none\" stroke-width=\"1\" fill=\"none\" fill-rule=\"evenodd\"> <circle fill=\"#000000\" opacity=\"0.3\" cx=\"12\" cy=\"12\" r=\"10\"><\/circle> <path d=\"M16.7689447,7.81768175 C17.1457787,7.41393107 17.7785676,7.39211077 18.1823183,7.76894473 C18.5860689,8.1457787 18.6078892,8.77856757 18.2310553,9.18231825 L11.2310553,16.6823183 C10.8654446,17.0740439 10.2560456,17.107974 9.84920863,16.7592566 L6.34920863,13.7592566 C5.92988278,13.3998345 5.88132125,12.7685345 6.2407434,12.3492086 C6.60016555,11.9298828 7.23146553,11.8813212 7.65079137,12.2407434 L10.4229928,14.616916 L16.7689447,7.81768175 Z\" fill=\"#000000\" fill-rule=\"nonzero\"><\/path> <\/g> <\/svg><\/div><span class=\"text-heading-default\">Des pratiques de promotions inclusives.<\/span><\/div><\/div><\/div><a  href=\"https:\/\/bienvenue-onboard.com\/wp-content\/uploads\/2023\/06\/GUIDE-FR-SITE-WEB-07.06.2023.pdf\" class=\"btn mb-2 popmake-13843   vc_custom_1686258029161  shadow-lg shadow-hover-lg btn-primary d-block w-100  pix-hover-item      btn-rounded animate-in btn-lg\" target=\"_blank\" rel=\"noopener\"  data-anim-type=\"fade-in-up\" data-anim-delay=\"0\" ><span class=\"font-weight-bold \" >T\u00e9l\u00e9charger le guide en fran\u00e7ais<\/span> <i class=\"font-weight-bold pixicon-file-down-arrow  pix-hover-right  ml-1\"><\/i><\/a><a  href=\"https:\/\/bienvenue-onboard.com\/wp-content\/uploads\/2023\/06\/Eng-Immigrant-Onboarding-Guide-07.06.2023.pdf\" class=\"btn mb-2 popmake-13843   vc_custom_1686258351274  shadow-lg shadow-hover-lg btn-primary d-block w-100  pix-hover-item      btn-rounded animate-in btn-lg\" target=\"_blank\" rel=\"noopener\"  data-anim-type=\"fade-in-up\" data-anim-delay=\"0\" ><span class=\"font-weight-bold \" >T\u00e9l\u00e9charger le guide en anglais<\/span> <i class=\"font-weight-bold pixicon-file-down-arrow  pix-hover-right  ml-1\"><\/i><\/a><\/div><\/div>\n[\/vc_column][\/vc_row][\/vc_section][vc_section full_width=\u00a0\u00bbstretch_row\u00a0\u00bb pix_over_visibility=\u00a0\u00bb\u00a0\u00bb css=\u00a0\u00bb.vc_custom_1684408806268{padding-top: 40px !important;padding-bottom: 10px !important;background-color: #ffffff !important;}\u00a0\u00bb][vc_row pix_particles_check=\u00a0\u00bb\u00a0\u00bb css=\u00a0\u00bb.vc_custom_1684408595786{padding-top: 50px !important;padding-bottom: 50px !important;}\u00a0\u00bb][vc_column content_align=\u00a0\u00bbtext-center\u00a0\u00bb]<div class=\"pix-element-div w-100 text-center\"><h5 class=\"pix-badge-element d-inline-block mr-1 animate-in\" data-anim-type=\"fade-in-left\" data-anim-delay=\"600\"><span class=\"badge font-weight-bold shadow bg-white  vc_custom_1685261054209  \" style=\" \"><span class=\"text-heading-default\" style=\"\">Financ\u00e9 par<\/span><\/span><\/h5><\/div><div class=\"d-inline-block \" ><a href=\"https:\/\/fsc-ccf.ca\/\" target=\"_blank\" class=\"pix-img-el  vc_custom_1685260893748   text-center d-inline-block  rounded-0\" ><img loading=\"lazy\" decoding=\"async\" class=\"pix-lazy2 card-img2 rounded-0 h-1002\" src=\"https:\/\/bienvenue-onboard.com\/wp-content\/uploads\/2023\/05\/FSC-Logo-2022-Primarydd.png\" srcset=\"https:\/\/bienvenue-onboard.com\/wp-content\/uploads\/2023\/05\/FSC-Logo-2022-Primarydd.png 1775w, https:\/\/bienvenue-onboard.com\/wp-content\/uploads\/2023\/05\/FSC-Logo-2022-Primarydd-300x52.png 300w, https:\/\/bienvenue-onboard.com\/wp-content\/uploads\/2023\/05\/FSC-Logo-2022-Primarydd-1024x178.png 1024w, https:\/\/bienvenue-onboard.com\/wp-content\/uploads\/2023\/05\/FSC-Logo-2022-Primarydd-768x133.png 768w, https:\/\/bienvenue-onboard.com\/wp-content\/uploads\/2023\/05\/FSC-Logo-2022-Primarydd-1536x267.png 1536w\" width=\"1775\" height=\"308\" alt=\"\" style=\"width:500px;height:auto;\"\/><\/a><\/div>[\/vc_column][\/vc_row][vc_row full_width=\u00a0\u00bbstretch_row_content\u00a0\u00bb pix_particles_check=\u00a0\u00bb\u00a0\u00bb css=\u00a0\u00bb.vc_custom_1685261586126{padding-right: 10% !important;padding-left: 10% !important;}\u00a0\u00bb][vc_column content_align=\u00a0\u00bbtext-center\u00a0\u00bb]<h6 class=\"pix-badge-element d-inline-block mr-1 animate-in\" data-anim-type=\"fade-in-left\" data-anim-delay=\"600\"><span class=\"badge font-weight-bold shadow bg-white  vc_custom_1684926216010  \" style=\" \"><span class=\"text-heading-default\" style=\"\">Partenaires de diffusions<\/span><\/span><\/h6><div class=\"clients row   vc_custom_1685344610735\"><div class=\"d-none d-md-block clearfix w-100 col-12\"><\/div><div class=\"col-md col-12 -2 fly-sm text-center client2 d-inline-block2 d-inline-flex client\"><a target=\"_self\" href=\"#\" class=\"client2 align-self-center py-3 d-inline-block w-100\" title=\"houzz\"><img loading=\"lazy\" decoding=\"async\" src=\"https:\/\/bienvenue-onboard.com\/wp-content\/uploads\/2023\/05\/logo_Davie_2022.png\" srcset=\"https:\/\/bienvenue-onboard.com\/wp-content\/uploads\/2023\/05\/logo_Davie_2022-300x81.png 300w, https:\/\/bienvenue-onboard.com\/wp-content\/uploads\/2023\/05\/logo_Davie_2022-1024x275.png 1024w, https:\/\/bienvenue-onboard.com\/wp-content\/uploads\/2023\/05\/logo_Davie_2022-768x206.png 768w, https:\/\/bienvenue-onboard.com\/wp-content\/uploads\/2023\/05\/logo_Davie_2022-1536x412.png 1536w, https:\/\/bienvenue-onboard.com\/wp-content\/uploads\/2023\/05\/logo_Davie_2022.png 1781w\" sizes=\"auto, (max-width: 1781px) 100vw, 1781px\" width=\"1781\" height=\"478\" class=\"animate-in\" alt=\"houzz\" data-anim-type=\"fade-in-up\" data-anim-delay=\"0\"><\/a><\/div><div class=\"col-md col-12 -2 fly-sm text-center client2 d-inline-block2 d-inline-flex client\"><a target=\"_blank\" href=\"#\" class=\"client2 align-self-center py-3 d-inline-block w-100\" title=\"\"><img loading=\"lazy\" decoding=\"async\" src=\"https:\/\/bienvenue-onboard.com\/wp-content\/uploads\/2023\/05\/Black-logo-no-backgroundx.png\" srcset=\"https:\/\/bienvenue-onboard.com\/wp-content\/uploads\/2023\/05\/Black-logo-no-backgroundx-300x90.png 300w, https:\/\/bienvenue-onboard.com\/wp-content\/uploads\/2023\/05\/Black-logo-no-backgroundx.png 333w\" sizes=\"auto, (max-width: 333px) 100vw, 333px\" width=\"333\" height=\"100\" class=\"animate-in\" alt=\"\" data-anim-type=\"fade-in-up\" data-anim-delay=\"200\"><\/a><\/div><\/div>\n<div class=\"clients row   vc_custom_1685345600169\"><div class=\"d-none d-md-block clearfix w-100 col-12\"><\/div><div class=\"col-md col-12 -4 fly-sm text-center client2 d-inline-block2 d-inline-flex client\"><a target=\"_self\" href=\"#\" class=\"client2 align-self-center py-3 d-inline-block w-100\" title=\"\"><img loading=\"lazy\" decoding=\"async\" src=\"https:\/\/bienvenue-onboard.com\/wp-content\/uploads\/2023\/05\/CCIQ-BleuRoyal.png\" srcset=\"https:\/\/bienvenue-onboard.com\/wp-content\/uploads\/2023\/05\/CCIQ-BleuRoyal-300x129.png 300w, https:\/\/bienvenue-onboard.com\/wp-content\/uploads\/2023\/05\/CCIQ-BleuRoyal-1024x439.png 1024w, https:\/\/bienvenue-onboard.com\/wp-content\/uploads\/2023\/05\/CCIQ-BleuRoyal-768x329.png 768w, https:\/\/bienvenue-onboard.com\/wp-content\/uploads\/2023\/05\/CCIQ-BleuRoyal.png 1050w\" sizes=\"auto, (max-width: 1050px) 100vw, 1050px\" width=\"1050\" height=\"450\" class=\"animate-in\" alt=\"\" data-anim-type=\"fade-in-up\" data-anim-delay=\"0\"><\/a><\/div><div class=\"col-md col-12 -4 fly-sm text-center client2 d-inline-block2 d-inline-flex client\"><a target=\"_self\" href=\"#\" class=\"client2 align-self-center py-3 d-inline-block w-100\" title=\"\"><img loading=\"lazy\" decoding=\"async\" src=\"https:\/\/bienvenue-onboard.com\/wp-content\/uploads\/2023\/05\/CCIGL_Logo_Horizontal_Couleurdd.png\" srcset=\"https:\/\/bienvenue-onboard.com\/wp-content\/uploads\/2023\/05\/CCIGL_Logo_Horizontal_Couleurdd-300x29.png 300w, https:\/\/bienvenue-onboard.com\/wp-content\/uploads\/2023\/05\/CCIGL_Logo_Horizontal_Couleurdd-1024x98.png 1024w, https:\/\/bienvenue-onboard.com\/wp-content\/uploads\/2023\/05\/CCIGL_Logo_Horizontal_Couleurdd-768x74.png 768w, https:\/\/bienvenue-onboard.com\/wp-content\/uploads\/2023\/05\/CCIGL_Logo_Horizontal_Couleurdd-1536x148.png 1536w, https:\/\/bienvenue-onboard.com\/wp-content\/uploads\/2023\/05\/CCIGL_Logo_Horizontal_Couleurdd.png 1768w\" sizes=\"auto, (max-width: 1768px) 100vw, 1768px\" width=\"1768\" height=\"170\" class=\"animate-in\" alt=\"\" data-anim-type=\"fade-in-up\" data-anim-delay=\"200\"><\/a><\/div><div class=\"col-md col-12 -4 fly-sm text-center client2 d-inline-block2 d-inline-flex client\"><a target=\"_self\" href=\"#\" class=\"client2 align-self-center py-3 d-inline-block w-100\" title=\"\"><img loading=\"lazy\" decoding=\"async\" src=\"https:\/\/bienvenue-onboard.com\/wp-content\/uploads\/2023\/05\/CCSIUM_logo_final_couleur_01_HORIZONTAL.png\" srcset=\"https:\/\/bienvenue-onboard.com\/wp-content\/uploads\/2023\/05\/CCSIUM_logo_final_couleur_01_HORIZONTAL-300x73.png 300w, https:\/\/bienvenue-onboard.com\/wp-content\/uploads\/2023\/05\/CCSIUM_logo_final_couleur_01_HORIZONTAL-1024x249.png 1024w, https:\/\/bienvenue-onboard.com\/wp-content\/uploads\/2023\/05\/CCSIUM_logo_final_couleur_01_HORIZONTAL-768x187.png 768w, https:\/\/bienvenue-onboard.com\/wp-content\/uploads\/2023\/05\/CCSIUM_logo_final_couleur_01_HORIZONTAL-1536x373.png 1536w, https:\/\/bienvenue-onboard.com\/wp-content\/uploads\/2023\/05\/CCSIUM_logo_final_couleur_01_HORIZONTAL-2048x497.png 2048w\" sizes=\"auto, (max-width: 7904px) 100vw, 7904px\" width=\"7904\" height=\"1920\" class=\"animate-in\" alt=\"\" data-anim-type=\"fade-in-up\" data-anim-delay=\"400\"><\/a><\/div><div class=\"col-md col-12 -4 fly-sm text-center client2 d-inline-block2 d-inline-flex client\"><a target=\"_self\" href=\"#\" class=\"client2 align-self-center py-3 d-inline-block w-100\" title=\"discord\"><img loading=\"lazy\" decoding=\"async\" src=\"https:\/\/bienvenue-onboard.com\/wp-content\/uploads\/2023\/05\/a.CCI-FRANCAISE-AU-CANADA-QUEBECdd.png\" srcset=\"https:\/\/bienvenue-onboard.com\/wp-content\/uploads\/2023\/05\/a.CCI-FRANCAISE-AU-CANADA-QUEBECdd-300x61.png 300w, https:\/\/bienvenue-onboard.com\/wp-content\/uploads\/2023\/05\/a.CCI-FRANCAISE-AU-CANADA-QUEBECdd-1024x208.png 1024w, https:\/\/bienvenue-onboard.com\/wp-content\/uploads\/2023\/05\/a.CCI-FRANCAISE-AU-CANADA-QUEBECdd-768x156.png 768w, https:\/\/bienvenue-onboard.com\/wp-content\/uploads\/2023\/05\/a.CCI-FRANCAISE-AU-CANADA-QUEBECdd-1536x312.png 1536w, https:\/\/bienvenue-onboard.com\/wp-content\/uploads\/2023\/05\/a.CCI-FRANCAISE-AU-CANADA-QUEBECdd.png 1777w\" sizes=\"auto, (max-width: 1777px) 100vw, 1777px\" width=\"1777\" height=\"361\" class=\"animate-in\" alt=\"discord\" data-anim-type=\"fade-in-up\" data-anim-delay=\"600\"><\/a><\/div><\/div>\n[\/vc_column][\/vc_row][\/vc_section]<\/p>\n<\/section>","protected":false},"excerpt":{"rendered":"[vc_section full_width=\u00a0\u00bbstretch_row\u00a0\u00bb pix_over_visibility=\u00a0\u00bb\u00a0\u00bb css=\u00a0\u00bb.vc_custom_1588981177183{padding-top: 80px !important;padding-bottom: 80px !important;}\u00a0\u00bb][vc_row content_placement=\u00a0\u00bbmiddle\u00a0\u00bb pix_particles_check=\u00a0\u00bb\u00a0\u00bb][vc_column width=\u00a0\u00bb1\/2&Prime;][\/vc_column][vc_column width=\u00a0\u00bb1\/2&Prime; css=\u00a0\u00bb.vc_custom_1684412111163{padding-left: 40px !important;}\u00a0\u00bb][\/vc_column][\/vc_row][vc_row full_width=\u00a0\u00bbstretch_row\u00a0\u00bb pix_particles_check=\u00a0\u00bb\u00a0\u00bb css=\u00a0\u00bb.vc_custom_1684411846300{padding-top: 80px !important;padding-bottom: 80px !important;}\u00a0\u00bb][vc_column][\/vc_column][\/vc_row][\/vc_section][vc_section full_width=\u00a0\u00bbstretch_row\u00a0\u00bb pix_over_visibility=\u00a0\u00bb\u00a0\u00bb css=\u00a0\u00bb.vc_custom_1684408806268{padding-top: 40px !important;padding-bottom: 10px !important;background-color: #ffffff !important;}\u00a0\u00bb][vc_row pix_particles_check=\u00a0\u00bb\u00a0\u00bb css=\u00a0\u00bb.vc_custom_1684408595786{padding-top: 50px !important;padding-bottom: 50px !important;}\u00a0\u00bb][vc_column content_align=\u00a0\u00bbtext-center\u00a0\u00bb][\/vc_column][\/vc_row][vc_row full_width=\u00a0\u00bbstretch_row_content\u00a0\u00bb pix_particles_check=\u00a0\u00bb\u00a0\u00bb&#8230;","protected":false},"author":1,"featured_media":0,"parent":0,"menu_order":0,"comment_status":"closed","ping_status":"closed","template":"","meta":{"footnotes":""},"class_list":["post-13585","page","type-page","status-publish","hentry"],"_links":{"self":[{"href":"https:\/\/bienvenue-onboard.com\/fr\/wp-json\/wp\/v2\/pages\/13585","targetHints":{"allow":["GET"]}}],"collection":[{"href":"https:\/\/bienvenue-onboard.com\/fr\/wp-json\/wp\/v2\/pages"}],"about":[{"href":"https:\/\/bienvenue-onboard.com\/fr\/wp-json\/wp\/v2\/types\/page"}],"author":[{"embeddable":true,"href":"https:\/\/bienvenue-onboard.com\/fr\/wp-json\/wp\/v2\/users\/1"}],"replies":[{"embeddable":true,"href":"https:\/\/bienvenue-onboard.com\/fr\/wp-json\/wp\/v2\/comments?post=13585"}],"version-history":[{"count":10,"href":"https:\/\/bienvenue-onboard.com\/fr\/wp-json\/wp\/v2\/pages\/13585\/revisions"}],"predecessor-version":[{"id":13860,"href":"https:\/\/bienvenue-onboard.com\/fr\/wp-json\/wp\/v2\/pages\/13585\/revisions\/13860"}],"wp:attachment":[{"href":"https:\/\/bienvenue-onboard.com\/fr\/wp-json\/wp\/v2\/media?parent=13585"}],"curies":[{"name":"wp","href":"https:\/\/api.w.org\/{rel}","templated":true}]}}