{"id":13638,"date":"2023-05-26T18:51:03","date_gmt":"2023-05-26T18:51:03","guid":{"rendered":"https:\/\/bienvenue-onboard.com\/events\/"},"modified":"2023-05-28T16:49:11","modified_gmt":"2023-05-28T16:49:11","slug":"evenements","status":"publish","type":"page","link":"https:\/\/bienvenue-onboard.com\/fr\/evenements\/","title":{"rendered":"\u00c9v\u00e9nements"},"content":{"rendered":"<section class=\"wpb-content-wrapper\"><p>[vc_section full_width=\u00a0\u00bbstretch_row\u00a0\u00bb pix_over_visibility=\u00a0\u00bb\u00a0\u00bb responsive_css=\u00a0\u00bb{\u00ab\u00a0pix_res_sm_pt\u00ab\u00a0:\u00ab\u00a020\u00ab\u00a0,\u00ab\u00a0pix_res_sm_pb\u00ab\u00a0:\u00ab\u00a020\u00ab\u00a0,\u00ab\u00a0pix_res_md_pt\u00ab\u00a0:\u00ab\u00a040\u00ab\u00a0,\u00ab\u00a0pix_res_md_pb\u00ab\u00a0:\u00ab\u00a040\u00ab\u00a0}\u00a0\u00bb css=\u00a0\u00bb.vc_custom_1685179459163{padding-top: 60px !important;padding-bottom: 80px !important;}\u00a0\u00bb t_custom_height=\u00a0\u00bb200px\u00a0\u00bb b_custom_height=\u00a0\u00bb300px\u00a0\u00bb][vc_row full_width=\u00a0\u00bbstretch_row\u00a0\u00bb pix_particles_check=\u00a0\u00bb\u00a0\u00bb responsive_css=\u00a0\u00bb{\u00ab\u00a0pix_res_sm_pt\u00ab\u00a0:\u00ab\u00a040\u00ab\u00a0,\u00ab\u00a0pix_res_sm_pb\u00ab\u00a0:\u00ab\u00a040\u00ab\u00a0,\u00ab\u00a0pix_res_md_pt\u00ab\u00a0:\u00ab\u00a040\u00ab\u00a0,\u00ab\u00a0pix_res_md_pb\u00ab\u00a0:\u00ab\u00a040\u00ab\u00a0}\u00a0\u00bb css=\u00a0\u00bb.vc_custom_1685179544880{padding-bottom: 40px !important;}\u00a0\u00bb][vc_column width=\u00a0\u00bb1\/2&Prime; content_align=\u00a0\u00bbtext-center\u00a0\u00bb]<div class=\"pix-content-box card      vc_custom_1685176911298    rounded-lg shadow-sm shadow-hover bg- w-100  \"   ><div class=\"\" style=\"z-index:30;position:relative;\"><div class=\"d-inline-block \" ><div class=\"pix-img-el    text-center d-inline-block  w-100 rounded-10\"  ><img loading=\"lazy\" decoding=\"async\" class=\"card-img2 pix-img-elem rounded-10  h-1002\" style=\"height:auto;\" width=\"1200\" height=\"630\" srcset=\"https:\/\/bienvenue-onboard.com\/wp-content\/uploads\/2023\/05\/Banniere-General.png 1200w, https:\/\/bienvenue-onboard.com\/wp-content\/uploads\/2023\/05\/Banniere-General-300x158.png 300w, https:\/\/bienvenue-onboard.com\/wp-content\/uploads\/2023\/05\/Banniere-General-1024x538.png 1024w, https:\/\/bienvenue-onboard.com\/wp-content\/uploads\/2023\/05\/Banniere-General-768x403.png 768w\" sizes=\"auto, (max-width: 1200px) 100vw, 1200px\" src=\"https:\/\/bienvenue-onboard.com\/wp-content\/uploads\/2023\/05\/Banniere-General.png\" alt=\"\" \/><\/div><\/div><div class=\"pix-el-text w-100 text-left  vc_custom_1685178601955\" ><p class=\"text-24  text-heading-default text-left font-weight-bold\" >Accueil et r\u00e9tention des talents issus d\u2019immigration en r\u00e9gion<\/p><\/div>[vc_row_inner css=\u00a0\u00bb.vc_custom_1685177825755{padding-top: 10px !important;padding-bottom: 10px !important;}\u00a0\u00bb][vc_column_inner width=\u00a0\u00bb5\/6&Prime;]<div id=\"1685177003749-cfafa0e7-94fa\" class=\"pix-feature-el media  vc_custom_1685178660267\"><div class=\"mr-3 mw-100 text-primary \"   style=\"width:54px;aspect-ratio:1\/1 !important;position:relative;line-height:54px;text-align:center;\"><svg width=\"100%\" height=\"100%\" viewBox=\"0 0 24 24\" version=\"1.1\" xmlns=\"http:\/\/www.w3.org\/2000\/svg\" xmlns:xlink=\"http:\/\/www.w3.org\/1999\/xlink\"> <defs><\/defs> <g stroke=\"none\" stroke-width=\"1\" fill=\"none\" fill-rule=\"evenodd\"> <path d=\"M5,10.5 C5,6 8,3 12.5,3 C17,3 20,6.75 20,10.5 C20,12.8325623 17.8236613,16.03566 13.470984,20.1092932 C12.9154018,20.6292577 12.0585054,20.6508331 11.4774555,20.1594925 C7.15915182,16.5078313 5,13.2880005 5,10.5 Z M12.5,12 C13.8807119,12 15,10.8807119 15,9.5 C15,8.11928813 13.8807119,7 12.5,7 C11.1192881,7 10,8.11928813 10,9.5 C10,10.8807119 11.1192881,12 12.5,12 Z\" fill=\"#000000\" fill-rule=\"nonzero\"><\/path> <\/g> <\/svg><\/div><div class=\"media-body text-left\"><div class=\"font-weight-bold   text-heading-default  \" style=\"font-size:15px;\"  >Centre des congr\u00e8s de Qu\u00e9bec 1000<\/div><div class=\"text-body-default      \" style=\"padding-top:10px;\"  >Boulevard Ren\u00e9-L\u00e9vesque Est Qu\u00e9bec, QC G1R 5T8 Canada<\/div><\/div><\/div>[\/vc_column_inner][vc_column_inner width=\u00a0\u00bb1\/6&Prime;]<div  class=\"pix-heading-el text-center \"><div><div class=\"slide-in-container\"><h5 class=\"text-heading-default font-weight-bold heading-text el-title_custom_color mb-12\" style=\"\" data-anim-type=\"\" data-anim-delay=\"0\">30 mai<\/h5><\/div><\/div><\/div>[\/vc_column_inner][\/vc_row_inner]<a  href=\"https:\/\/www.eventbrite.ca\/e\/billets-accueil-et-retention-des-talents-issus-dimmigration-en-region-628575164237\" class=\"btn mb-2     btn-primary d-inline-block      btn-md\" target=\"_blank\" rel=\"noopener\"    ><span class=\"font-weight-bold \" >R\u00e9server votre place<\/span><\/a><\/div><\/div>[\/vc_column][vc_column width=\u00a0\u00bb1\/2&Prime; content_align=\u00a0\u00bbtext-center\u00a0\u00bb]<div class=\"pix-content-box card      vc_custom_1685176911298    rounded-lg shadow-sm shadow-hover bg- w-100  \"   ><div class=\"\" style=\"z-index:30;position:relative;\"><div class=\"d-inline-block \" ><div class=\"pix-img-el    text-center d-inline-block  w-100 rounded-10\"  ><img loading=\"lazy\" decoding=\"async\" class=\"card-img2 pix-img-elem rounded-10  h-1002\" style=\"height:auto;\" width=\"1200\" height=\"630\" srcset=\"https:\/\/bienvenue-onboard.com\/wp-content\/uploads\/2023\/05\/Banniere-Levis.png 1200w, https:\/\/bienvenue-onboard.com\/wp-content\/uploads\/2023\/05\/Banniere-Levis-300x158.png 300w, https:\/\/bienvenue-onboard.com\/wp-content\/uploads\/2023\/05\/Banniere-Levis-1024x538.png 1024w, https:\/\/bienvenue-onboard.com\/wp-content\/uploads\/2023\/05\/Banniere-Levis-768x403.png 768w\" sizes=\"auto, (max-width: 1200px) 100vw, 1200px\" src=\"https:\/\/bienvenue-onboard.com\/wp-content\/uploads\/2023\/05\/Banniere-Levis.png\" alt=\"\" \/><\/div><\/div><div class=\"pix-el-text w-100 text-left  vc_custom_1685176797438\" ><p class=\"text-24  text-heading-default text-left font-weight-bold\" >Int\u00e9gration et r\u00e9tention des talents issus d&rsquo;immigration<\/p><\/div>[vc_row_inner css=\u00a0\u00bb.vc_custom_1685177825755{padding-top: 10px !important;padding-bottom: 10px !important;}\u00a0\u00bb][vc_column_inner width=\u00a0\u00bb5\/6&Prime;]<div id=\"1685177950114-eb9a1a60-0852\" class=\"pix-feature-el media  vc_custom_1685177798983\"><div class=\"mr-3 mw-100 text-primary \"   style=\"width:54px;aspect-ratio:1\/1 !important;position:relative;line-height:54px;text-align:center;\"><svg width=\"100%\" height=\"100%\" viewBox=\"0 0 24 24\" version=\"1.1\" xmlns=\"http:\/\/www.w3.org\/2000\/svg\" xmlns:xlink=\"http:\/\/www.w3.org\/1999\/xlink\"> <defs><\/defs> <g stroke=\"none\" stroke-width=\"1\" fill=\"none\" fill-rule=\"evenodd\"> <path d=\"M5,10.5 C5,6 8,3 12.5,3 C17,3 20,6.75 20,10.5 C20,12.8325623 17.8236613,16.03566 13.470984,20.1092932 C12.9154018,20.6292577 12.0585054,20.6508331 11.4774555,20.1594925 C7.15915182,16.5078313 5,13.2880005 5,10.5 Z M12.5,12 C13.8807119,12 15,10.8807119 15,9.5 C15,8.11928813 13.8807119,7 12.5,7 C11.1192881,7 10,8.11928813 10,9.5 C10,10.8807119 11.1192881,12 12.5,12 Z\" fill=\"#000000\" fill-rule=\"nonzero\"><\/path> <\/g> <\/svg><\/div><div class=\"media-body text-left\"><div class=\"font-weight-bold   text-heading-default  \" style=\"font-size:15px;\"  >Complexe De Soccer Honco De L\u00e9vis | Salle Valero<\/div><div class=\"text-body-default      \" style=\"padding-top:10px;\"  >8087 Bd du Centre-Hospitalier L\u00e9vis<\/div><\/div><\/div>[\/vc_column_inner][vc_column_inner width=\u00a0\u00bb1\/6&Prime;]<div  class=\"pix-heading-el text-center \"><div><div class=\"slide-in-container\"><h5 class=\"text-heading-default font-weight-bold heading-text el-title_custom_color mb-12\" style=\"\" data-anim-type=\"\" data-anim-delay=\"0\">2 juin<\/h5><\/div><\/div><\/div>[\/vc_column_inner][\/vc_row_inner]<a  href=\"https:\/\/cciglevis.ca\/evenements\/?id=3e5ae862-68ef-ed11-8848-000d3af39f3f\" class=\"btn mb-2     btn-primary d-inline-block      btn-md\" target=\"_blank\" rel=\"noopener\"    ><span class=\"font-weight-bold \" >R\u00e9server votre place<\/span><\/a><\/div><\/div>[\/vc_column][\/vc_row][vc_row full_width=\u00a0\u00bbstretch_row\u00a0\u00bb content_placement=\u00a0\u00bbtop\u00a0\u00bb pix_particles_check=\u00a0\u00bb\u00a0\u00bb responsive_css=\u00a0\u00bb{\u00ab\u00a0pix_res_sm_pt\u00ab\u00a0:\u00ab\u00a040\u00ab\u00a0,\u00ab\u00a0pix_res_sm_pb\u00ab\u00a0:\u00ab\u00a040\u00ab\u00a0,\u00ab\u00a0pix_res_md_pt\u00ab\u00a0:\u00ab\u00a040\u00ab\u00a0,\u00ab\u00a0pix_res_md_pb\u00ab\u00a0:\u00ab\u00a040\u00ab\u00a0}\u00a0\u00bb][vc_column width=\u00a0\u00bb1\/2&Prime; content_align=\u00a0\u00bbtext-center\u00a0\u00bb]<div class=\"pix-content-box card      vc_custom_1685176911298    rounded-lg shadow-sm shadow-hover bg- w-100  \"   ><div class=\"\" style=\"z-index:30;position:relative;\"><div class=\"d-inline-block \" ><div class=\"pix-img-el    text-center d-inline-block  w-100 rounded-10\"  ><img loading=\"lazy\" decoding=\"async\" class=\"card-img2 pix-img-elem rounded-10  h-1002\" style=\"height:auto;\" width=\"1200\" height=\"630\" srcset=\"https:\/\/bienvenue-onboard.com\/wp-content\/uploads\/2023\/05\/Banniere-Quebec.png 1200w, https:\/\/bienvenue-onboard.com\/wp-content\/uploads\/2023\/05\/Banniere-Quebec-300x158.png 300w, https:\/\/bienvenue-onboard.com\/wp-content\/uploads\/2023\/05\/Banniere-Quebec-1024x538.png 1024w, https:\/\/bienvenue-onboard.com\/wp-content\/uploads\/2023\/05\/Banniere-Quebec-768x403.png 768w\" sizes=\"auto, (max-width: 1200px) 100vw, 1200px\" src=\"https:\/\/bienvenue-onboard.com\/wp-content\/uploads\/2023\/05\/Banniere-Quebec.png\" alt=\"\" \/><\/div><\/div><div class=\"pix-el-text w-100 text-left  vc_custom_1685179014909\" ><p class=\"text-24  text-heading-default text-left font-weight-bold\" >Int\u00e9gration et r\u00e9tention des talents issus d\u2019immigration : Guide pour les PME manufacturi\u00e8res en r\u00e9gion<\/p><\/div>[vc_row_inner css=\u00a0\u00bb.vc_custom_1685177825755{padding-top: 10px !important;padding-bottom: 10px !important;}\u00a0\u00bb][vc_column_inner width=\u00a0\u00bb5\/6&Prime;]<div id=\"1685178860079-8a520dc4-567a\" class=\"pix-feature-el media  vc_custom_1685292521380\"><div class=\"mr-3 mw-100 text-primary \"   style=\"width:54px;aspect-ratio:1\/1 !important;position:relative;line-height:54px;text-align:center;\"><svg width=\"100%\" height=\"100%\" viewBox=\"0 0 24 24\" version=\"1.1\" xmlns=\"http:\/\/www.w3.org\/2000\/svg\" xmlns:xlink=\"http:\/\/www.w3.org\/1999\/xlink\"> <defs><\/defs> <g stroke=\"none\" stroke-width=\"1\" fill=\"none\" fill-rule=\"evenodd\"> <path d=\"M5,10.5 C5,6 8,3 12.5,3 C17,3 20,6.75 20,10.5 C20,12.8325623 17.8236613,16.03566 13.470984,20.1092932 C12.9154018,20.6292577 12.0585054,20.6508331 11.4774555,20.1594925 C7.15915182,16.5078313 5,13.2880005 5,10.5 Z M12.5,12 C13.8807119,12 15,10.8807119 15,9.5 C15,8.11928813 13.8807119,7 12.5,7 C11.1192881,7 10,8.11928813 10,9.5 C10,10.8807119 11.1192881,12 12.5,12 Z\" fill=\"#000000\" fill-rule=\"nonzero\"><\/path> <\/g> <\/svg><\/div><div class=\"media-body text-left\"><div class=\"font-weight-bold   text-heading-default  \" style=\"font-size:15px;\"  >Chambre de commerce et d'industrie de Qu\u00e9bec<\/div><div class=\"text-body-default      \" style=\"padding-top:10px;\"  >740-1150 , rue de Claire-Fontaine , Qu\u00e9bec , G1R 5G4<\/div><\/div><\/div>[\/vc_column_inner][vc_column_inner width=\u00a0\u00bb1\/6&Prime;]<div  class=\"pix-heading-el text-center \"><div><div class=\"slide-in-container\"><h5 class=\"text-heading-default font-weight-bold heading-text el-title_custom_color mb-12\" style=\"\" data-anim-type=\"\" data-anim-delay=\"0\">07 juin<\/h5><\/div><\/div><\/div>[\/vc_column_inner][\/vc_row_inner]<a  href=\"https:\/\/cciquebec.zohobackstage.com\/IntgrationetrtentiondestalentsissusdimmigrationGuidepourlesPMEmanufacturiresenrgion#\/buyTickets?lang=fr&amp;promoCode=cciq2023\" class=\"btn mb-2     btn-primary d-inline-block      btn-md\" target=\"_blank\" rel=\"noopener\"    ><span class=\"font-weight-bold \" >R\u00e9server votre place<\/span><\/a><\/div><\/div>[\/vc_column][vc_column width=\u00a0\u00bb1\/2&Prime; content_align=\u00a0\u00bbtext-center\u00a0\u00bb]<div class=\"pix-content-box card      vc_custom_1685176911298    rounded-lg shadow-sm shadow-hover bg- w-100  \"   ><div class=\"\" style=\"z-index:30;position:relative;\"><div class=\"d-inline-block \" ><div class=\"pix-img-el    text-center d-inline-block  w-100 rounded-10\"  ><img loading=\"lazy\" decoding=\"async\" class=\"card-img2 pix-img-elem rounded-10  h-1002\" style=\"height:auto;\" width=\"1200\" height=\"630\" srcset=\"https:\/\/bienvenue-onboard.com\/wp-content\/uploads\/2023\/05\/Banniere-7Iles.png 1200w, https:\/\/bienvenue-onboard.com\/wp-content\/uploads\/2023\/05\/Banniere-7Iles-300x158.png 300w, https:\/\/bienvenue-onboard.com\/wp-content\/uploads\/2023\/05\/Banniere-7Iles-1024x538.png 1024w, https:\/\/bienvenue-onboard.com\/wp-content\/uploads\/2023\/05\/Banniere-7Iles-768x403.png 768w\" sizes=\"auto, (max-width: 1200px) 100vw, 1200px\" src=\"https:\/\/bienvenue-onboard.com\/wp-content\/uploads\/2023\/05\/Banniere-7Iles.png\" alt=\"\" \/><\/div><\/div><div class=\"pix-el-text w-100 text-left  vc_custom_1685176797438\" ><p class=\"text-24  text-heading-default text-left font-weight-bold\" >Int\u00e9gration et r\u00e9tention des talents issus d&rsquo;immigration<\/p><\/div>[vc_row_inner css=\u00a0\u00bb.vc_custom_1685177825755{padding-top: 10px !important;padding-bottom: 10px !important;}\u00a0\u00bb][vc_column_inner width=\u00a0\u00bb5\/6&Prime;]<div id=\"1685178860276-ba29661e-8965\" class=\"pix-feature-el media  vc_custom_1685292489712\"><div class=\"mr-3 mw-100 text-primary \"   style=\"width:54px;aspect-ratio:1\/1 !important;position:relative;line-height:54px;text-align:center;\"><svg width=\"100%\" height=\"100%\" viewBox=\"0 0 24 24\" version=\"1.1\" xmlns=\"http:\/\/www.w3.org\/2000\/svg\" xmlns:xlink=\"http:\/\/www.w3.org\/1999\/xlink\"> <defs><\/defs> <g stroke=\"none\" stroke-width=\"1\" fill=\"none\" fill-rule=\"evenodd\"> <path d=\"M5,10.5 C5,6 8,3 12.5,3 C17,3 20,6.75 20,10.5 C20,12.8325623 17.8236613,16.03566 13.470984,20.1092932 C12.9154018,20.6292577 12.0585054,20.6508331 11.4774555,20.1594925 C7.15915182,16.5078313 5,13.2880005 5,10.5 Z M12.5,12 C13.8807119,12 15,10.8807119 15,9.5 C15,8.11928813 13.8807119,7 12.5,7 C11.1192881,7 10,8.11928813 10,9.5 C10,10.8807119 11.1192881,12 12.5,12 Z\" fill=\"#000000\" fill-rule=\"nonzero\"><\/path> <\/g> <\/svg><\/div><div class=\"media-body text-left\"><div class=\"font-weight-bold   text-heading-default  \" style=\"font-size:15px;\"  >Sept-\u00celes<\/div><div class=\"text-text-gray      \" style=\"padding-top:10px;\"  ><\/div><\/div><\/div>[\/vc_column_inner][vc_column_inner width=\u00a0\u00bb1\/6&Prime;]<div  class=\"pix-heading-el text-center \"><div><div class=\"slide-in-container\"><h5 class=\"text-heading-default font-weight-bold heading-text el-title_custom_color mb-12\" style=\"\" data-anim-type=\"\" data-anim-delay=\"0\">15 juin<\/h5><\/div><\/div><\/div>[\/vc_column_inner][\/vc_row_inner]<a  href=\"#\" class=\"btn mb-2     btn-primary d-inline-block      pix-popup-link btn-md\" target=\"_blank\" rel=\"noopener\"    data-popup-link=\"https:\/\/bienvenue-onboard.com\/wp-admin\/admin-ajax.php?action=pix_popup_content&id=23&nonce=0bd0acab38\" data-popup-id=\"23\"><span class=\"font-weight-bold \" >R\u00e9server votre place<\/span><\/a><\/div><\/div>[\/vc_column][\/vc_row][\/vc_section]<\/p>\n<\/section>","protected":false},"excerpt":{"rendered":"[vc_section full_width=\u00a0\u00bbstretch_row\u00a0\u00bb pix_over_visibility=\u00a0\u00bb\u00a0\u00bb responsive_css=\u00a0\u00bb{\u00ab\u00a0pix_res_sm_pt\u00ab\u00a0:\u00ab\u00a020\u00ab\u00a0,\u00ab\u00a0pix_res_sm_pb\u00ab\u00a0:\u00ab\u00a020\u00ab\u00a0,\u00ab\u00a0pix_res_md_pt\u00ab\u00a0:\u00ab\u00a040\u00ab\u00a0,\u00ab\u00a0pix_res_md_pb\u00ab\u00a0:\u00ab\u00a040\u00ab\u00a0}\u00a0\u00bb css=\u00a0\u00bb.vc_custom_1685179459163{padding-top: 60px !important;padding-bottom: 80px !important;}\u00a0\u00bb t_custom_height=\u00a0\u00bb200px\u00a0\u00bb b_custom_height=\u00a0\u00bb300px\u00a0\u00bb][vc_row full_width=\u00a0\u00bbstretch_row\u00a0\u00bb pix_particles_check=\u00a0\u00bb\u00a0\u00bb responsive_css=\u00a0\u00bb{\u00ab\u00a0pix_res_sm_pt\u00ab\u00a0:\u00ab\u00a040\u00ab\u00a0,\u00ab\u00a0pix_res_sm_pb\u00ab\u00a0:\u00ab\u00a040\u00ab\u00a0,\u00ab\u00a0pix_res_md_pt\u00ab\u00a0:\u00ab\u00a040\u00ab\u00a0,\u00ab\u00a0pix_res_md_pb\u00ab\u00a0:\u00ab\u00a040\u00ab\u00a0}\u00a0\u00bb css=\u00a0\u00bb.vc_custom_1685179544880{padding-bottom: 40px !important;}\u00a0\u00bb][vc_column width=\u00a0\u00bb1\/2&Prime; content_align=\u00a0\u00bbtext-center\u00a0\u00bb][\/vc_column][vc_column width=\u00a0\u00bb1\/2&Prime; content_align=\u00a0\u00bbtext-center\u00a0\u00bb][\/vc_column][\/vc_row][vc_row full_width=\u00a0\u00bbstretch_row\u00a0\u00bb content_placement=\u00a0\u00bbtop\u00a0\u00bb pix_particles_check=\u00a0\u00bb\u00a0\u00bb responsive_css=\u00a0\u00bb{\u00ab\u00a0pix_res_sm_pt\u00ab\u00a0:\u00ab\u00a040\u00ab\u00a0,\u00ab\u00a0pix_res_sm_pb\u00ab\u00a0:\u00ab\u00a040\u00ab\u00a0,\u00ab\u00a0pix_res_md_pt\u00ab\u00a0:\u00ab\u00a040\u00ab\u00a0,\u00ab\u00a0pix_res_md_pb\u00ab\u00a0:\u00ab\u00a040\u00ab\u00a0}\u00a0\u00bb][vc_column width=\u00a0\u00bb1\/2&Prime; content_align=\u00a0\u00bbtext-center\u00a0\u00bb][\/vc_column][vc_column width=\u00a0\u00bb1\/2&Prime; content_align=\u00a0\u00bbtext-center\u00a0\u00bb][\/vc_column][\/vc_row][\/vc_section]","protected":false},"author":1,"featured_media":0,"parent":0,"menu_order":0,"comment_status":"closed","ping_status":"closed","template":"","meta":{"footnotes":""},"class_list":["post-13638","page","type-page","status-publish","hentry"],"_links":{"self":[{"href":"https:\/\/bienvenue-onboard.com\/fr\/wp-json\/wp\/v2\/pages\/13638","targetHints":{"allow":["GET"]}}],"collection":[{"href":"https:\/\/bienvenue-onboard.com\/fr\/wp-json\/wp\/v2\/pages"}],"about":[{"href":"https:\/\/bienvenue-onboard.com\/fr\/wp-json\/wp\/v2\/types\/page"}],"author":[{"embeddable":true,"href":"https:\/\/bienvenue-onboard.com\/fr\/wp-json\/wp\/v2\/users\/1"}],"replies":[{"embeddable":true,"href":"https:\/\/bienvenue-onboard.com\/fr\/wp-json\/wp\/v2\/comments?post=13638"}],"version-history":[{"count":12,"href":"https:\/\/bienvenue-onboard.com\/fr\/wp-json\/wp\/v2\/pages\/13638\/revisions"}],"predecessor-version":[{"id":13747,"href":"https:\/\/bienvenue-onboard.com\/fr\/wp-json\/wp\/v2\/pages\/13638\/revisions\/13747"}],"wp:attachment":[{"href":"https:\/\/bienvenue-onboard.com\/fr\/wp-json\/wp\/v2\/media?parent=13638"}],"curies":[{"name":"wp","href":"https:\/\/api.w.org\/{rel}","templated":true}]}}